{"id":2,"date":"2014-05-09T04:35:09","date_gmt":"2014-05-09T04:35:09","guid":{"rendered":"http:\/\/localhost\/wordpress-3.9.1\/wordpress\/?page_id=2"},"modified":"2014-07-31T02:10:20","modified_gmt":"2014-07-31T02:10:20","slug":"sample-page","status":"publish","type":"page","link":"http:\/\/hamstertor.smooth-wear.de\/?page_id=2","title":{"rendered":"Geschichte"},"content":{"rendered":"<p>Ich mach es kurz:<\/p>\n<p>&nbsp;<\/p>\n<p>wir sind ein Fanclub der aus einem Freundeskreis geboren wurde. Wir haben uns immer bei einem Freund aus eben diesen Freundeskreis in der Stra\u00dfe &#8222;Am Hamstertor&#8220; getroffen und Party gemacht oder f\u00fcr HFC &#8222;vorgegl\u00fcht&#8220;. Irgendwann stellten wir fest das wir immer \u00f6fter und regelm\u00e4\u00dfiger zum Fu\u00dfball im Kurt-Wabbel-Stadion gingen und beschlossen eine Fangruppierung ins Leben zu rufen. Aufgrund des Stra\u00dfennamens unseres Treffpunkts nannten wir uns kurzum &#8222;Hamstertor-Chemie&#8220;.<\/p>\n<p>&nbsp;<\/p>\n<p>Leider treten wir aus privaten und beruflichen Gr\u00fcnden immer seltener in gr\u00f6\u00dferer St\u00fcckzahl in Erscheinung aber 1-4 Hamster sind weiterhin regelm\u00e4\u00dfig im Stadion anzutreffen!<\/p>\n","protected":false},"excerpt":{"rendered":"<p>Ich mach es kurz: &nbsp; wir sind ein Fanclub der aus einem Freundeskreis geboren wurde. Wir haben uns immer bei einem Freund aus eben diesen Freundeskreis in der Stra\u00dfe &#8222;Am Hamstertor&#8220; getroffen und Party gemacht oder f\u00fcr HFC &#8222;vorgegl\u00fcht&#8220;. Irgendwann stellten wir fest das wir immer \u00f6fter und regelm\u00e4\u00dfiger zum Fu\u00dfball im Kurt-Wabbel-Stadion gingen und [&hellip;]<\/p>\n","protected":false},"author":1,"featured_media":0,"parent":0,"menu_order":0,"comment_status":"closed","ping_status":"closed","template":"","meta":[],"_links":{"self":[{"href":"http:\/\/hamstertor.smooth-wear.de\/index.php?rest_route=\/wp\/v2\/pages\/2"}],"collection":[{"href":"http:\/\/hamstertor.smooth-wear.de\/index.php?rest_route=\/wp\/v2\/pages"}],"about":[{"href":"http:\/\/hamstertor.smooth-wear.de\/index.php?rest_route=\/wp\/v2\/types\/page"}],"author":[{"embeddable":true,"href":"http:\/\/hamstertor.smooth-wear.de\/index.php?rest_route=\/wp\/v2\/users\/1"}],"replies":[{"embeddable":true,"href":"http:\/\/hamstertor.smooth-wear.de\/index.php?rest_route=%2Fwp%2Fv2%2Fcomments&post=2"}],"version-history":[{"count":2,"href":"http:\/\/hamstertor.smooth-wear.de\/index.php?rest_route=\/wp\/v2\/pages\/2\/revisions"}],"predecessor-version":[{"id":7,"href":"http:\/\/hamstertor.smooth-wear.de\/index.php?rest_route=\/wp\/v2\/pages\/2\/revisions\/7"}],"wp:attachment":[{"href":"http:\/\/hamstertor.smooth-wear.de\/index.php?rest_route=%2Fwp%2Fv2%2Fmedia&parent=2"}],"curies":[{"name":"wp","href":"https:\/\/api.w.org\/{rel}","templated":true}]}}